{"id":4838,"date":"2025-03-06T01:48:53","date_gmt":"2025-03-06T01:48:53","guid":{"rendered":"https:\/\/divelconnexion.org\/?page_id=4838"},"modified":"2025-04-29T17:30:49","modified_gmt":"2025-04-29T17:30:49","slug":"make-a-donation","status":"publish","type":"page","link":"https:\/\/divelconnexion.org\/fr\/make-a-donation\/","title":{"rendered":"Faire un don"},"content":{"rendered":"<div data-elementor-type=\"wp-page\" data-elementor-id=\"4838\" class=\"elementor elementor-4838\">\n\t\t\t\t            <section class=\"elementor-section elementor-top-section elementor-element elementor-element-f2c8a3e elementor-section-stretched elementor-section-boxed elementor-section-height-default elementor-section-height-default pxl-row-scroll-none pxl-section-overflow-visible pxl-bg-color-none pxl-section-overlay-none\" data-id=\"f2c8a3e\" data-element_type=\"section\" data-e-type=\"section\" data-settings=\"{&quot;stretch_section&quot;:&quot;section-stretched&quot;}\">\n\n                \n                <div class=\"elementor-container elementor-column-gap-extended\">\n                <div class=\"elementor-column elementor-col-100 elementor-top-column elementor-element elementor-element-c794f41 pxl-column-none\" data-id=\"c794f41\" data-element_type=\"column\" data-e-type=\"column\">\r\n        <div class=\"elementor-widget-wrap elementor-element-populated\">\r\n                     \r\n        \t\t<div class=\"elementor-element elementor-element-5399255 elementor-widget elementor-widget-heading\" data-id=\"5399255\" data-element_type=\"widget\" data-e-type=\"widget\" data-widget_type=\"heading.default\">\n\t\t\t\t<div class=\"elementor-widget-container\">\n\t\t\t\t\t<h2 class=\"elementor-heading-title elementor-size-default\">Faire un don <\/h2>\t\t\t\t<\/div>\n\t\t\t\t<\/div>\n\t\t\t\t<div class=\"elementor-element elementor-element-4a906a8 elementor-widget elementor-widget-spacer\" data-id=\"4a906a8\" data-element_type=\"widget\" data-e-type=\"widget\" data-widget_type=\"spacer.default\">\n\t\t\t\t<div class=\"elementor-widget-container\">\n\t\t\t\t\t\t\t<div class=\"elementor-spacer\">\n\t\t\t<div class=\"elementor-spacer-inner\"><\/div>\n\t\t<\/div>\n\t\t\t\t\t\t<\/div>\n\t\t\t\t<\/div>\n\t\t            <\/div>\r\n        <\/div>\r\n        \t\t\t<\/div>\n\t\t<\/section>\n\t\t        <section class=\"elementor-section elementor-top-section elementor-element elementor-element-d1a0b7d elementor-section-boxed elementor-section-height-default elementor-section-height-default pxl-row-scroll-none pxl-section-overflow-visible pxl-bg-color-none pxl-section-overlay-none\" data-id=\"d1a0b7d\" data-element_type=\"section\" data-e-type=\"section\">\n\n                \n                <div class=\"elementor-container elementor-column-gap-default\">\n                <div class=\"elementor-column elementor-col-50 elementor-top-column elementor-element elementor-element-cf80746 pxl-column-none\" data-id=\"cf80746\" data-element_type=\"column\" data-e-type=\"column\">\r\n        <div class=\"elementor-widget-wrap elementor-element-populated\">\r\n                     \r\n        \t\t<div class=\"elementor-element elementor-element-2fc45c6 elementor-widget elementor-widget-image\" data-id=\"2fc45c6\" data-element_type=\"widget\" data-e-type=\"widget\" data-widget_type=\"image.default\">\n\t\t\t\t<div class=\"elementor-widget-container\">\n\t\t\t\t\t\t\t\t\t\t\t\t\t\t\t<img fetchpriority=\"high\" decoding=\"async\" width=\"1024\" height=\"743\" src=\"https:\/\/divelconnexion.org\/wp-content\/uploads\/2025\/03\/AdobeStock_74657678-1024x743.jpeg\" class=\"attachment-large size-large wp-image-5282\" alt=\"\" srcset=\"https:\/\/divelconnexion.org\/wp-content\/uploads\/2025\/03\/AdobeStock_74657678-1024x743.jpeg 1024w, https:\/\/divelconnexion.org\/wp-content\/uploads\/2025\/03\/AdobeStock_74657678-300x218.jpeg 300w, https:\/\/divelconnexion.org\/wp-content\/uploads\/2025\/03\/AdobeStock_74657678-768x557.jpeg 768w, https:\/\/divelconnexion.org\/wp-content\/uploads\/2025\/03\/AdobeStock_74657678-1536x1114.jpeg 1536w, https:\/\/divelconnexion.org\/wp-content\/uploads\/2025\/03\/AdobeStock_74657678-2048x1486.jpeg 2048w, https:\/\/divelconnexion.org\/wp-content\/uploads\/2025\/03\/AdobeStock_74657678-1034x750.jpeg 1034w, https:\/\/divelconnexion.org\/wp-content\/uploads\/2025\/03\/AdobeStock_74657678-600x435.jpeg 600w\" sizes=\"(max-width: 1024px) 100vw, 1024px\" \/>\t\t\t\t\t\t\t\t\t\t\t\t\t\t\t<\/div>\n\t\t\t\t<\/div>\n\t\t            <\/div>\r\n        <\/div>\r\n                <div class=\"elementor-column elementor-col-50 elementor-top-column elementor-element elementor-element-5fb87d7 pxl-column-none\" data-id=\"5fb87d7\" data-element_type=\"column\" data-e-type=\"column\">\r\n        <div class=\"elementor-widget-wrap elementor-element-populated\">\r\n                     \r\n        \t\t<div class=\"elementor-element elementor-element-548fae4 elementor-widget elementor-widget-text-editor\" data-id=\"548fae4\" data-element_type=\"widget\" data-e-type=\"widget\" data-widget_type=\"text-editor.default\">\n\t\t\t\t<div class=\"elementor-widget-container\">\n\t\t\t\t\t\t\t\t\t<p>Votre g\u00e9n\u00e9rosit\u00e9 nous aide \u00e0 fournir des ressources essentielles, des formations et des opportunit\u00e9s de mentorat aux femmes qui prennent un nouveau d\u00e9part.<\/p><p>Chaque contribution, petite ou grande, a un impact durable.<\/p>\t\t\t\t\t\t\t\t<\/div>\n\t\t\t\t<\/div>\n\t\t\t\t<div class=\"elementor-element elementor-element-bb8fdf6 elementor-widget elementor-widget-text-editor\" data-id=\"bb8fdf6\" data-element_type=\"widget\" data-e-type=\"widget\" data-widget_type=\"text-editor.default\">\n\t\t\t\t<div class=\"elementor-widget-container\">\n\t\t\t\t\t\t\t\t\t<p>\u00a0<\/p><p>\u00a0<\/p><p class=\"translation-block\"><strong>Important:\u00a0<\/strong><em>Veuillez noter que nous ne sommes pas un organisme de bienfaisance enregistr\u00e9 et que nous ne pouvons donc pas d\u00e9livrer de re\u00e7us fiscaux pour les dons. Nous vous remercions de votre compr\u00e9hension et de votre soutien continu.<\/p>\t\t\t\t\t\t\t\t<\/div>\n\t\t\t\t<\/div>\n\t\t\t\t<div class=\"elementor-element elementor-element-b13fc4f elementor-widget elementor-widget-spacer\" data-id=\"b13fc4f\" data-element_type=\"widget\" data-e-type=\"widget\" data-widget_type=\"spacer.default\">\n\t\t\t\t<div class=\"elementor-widget-container\">\n\t\t\t\t\t\t\t<div class=\"elementor-spacer\">\n\t\t\t<div class=\"elementor-spacer-inner\"><\/div>\n\t\t<\/div>\n\t\t\t\t\t\t<\/div>\n\t\t\t\t<\/div>\n\t\t\t\t<div class=\"elementor-element elementor-element-fe835ed e-transform e-transform elementor-widget elementor-widget-html\" data-id=\"fe835ed\" data-element_type=\"widget\" data-e-type=\"widget\" data-settings=\"{&quot;_transform_rotateZ_effect&quot;:{&quot;unit&quot;:&quot;px&quot;,&quot;size&quot;:&quot;&quot;,&quot;sizes&quot;:[]},&quot;_transform_rotateZ_effect_laptop&quot;:{&quot;unit&quot;:&quot;deg&quot;,&quot;size&quot;:&quot;&quot;,&quot;sizes&quot;:[]},&quot;_transform_rotateZ_effect_tablet_extra&quot;:{&quot;unit&quot;:&quot;deg&quot;,&quot;size&quot;:&quot;&quot;,&quot;sizes&quot;:[]},&quot;_transform_rotateZ_effect_tablet&quot;:{&quot;unit&quot;:&quot;deg&quot;,&quot;size&quot;:&quot;&quot;,&quot;sizes&quot;:[]},&quot;_transform_rotateZ_effect_mobile_extra&quot;:{&quot;unit&quot;:&quot;deg&quot;,&quot;size&quot;:&quot;&quot;,&quot;sizes&quot;:[]},&quot;_transform_rotateZ_effect_mobile&quot;:{&quot;unit&quot;:&quot;deg&quot;,&quot;size&quot;:&quot;&quot;,&quot;sizes&quot;:[]},&quot;_transform_translateX_effect&quot;:{&quot;unit&quot;:&quot;px&quot;,&quot;size&quot;:&quot;&quot;,&quot;sizes&quot;:[]},&quot;_transform_translateX_effect_laptop&quot;:{&quot;unit&quot;:&quot;px&quot;,&quot;size&quot;:&quot;&quot;,&quot;sizes&quot;:[]},&quot;_transform_translateX_effect_tablet_extra&quot;:{&quot;unit&quot;:&quot;px&quot;,&quot;size&quot;:&quot;&quot;,&quot;sizes&quot;:[]},&quot;_transform_translateX_effect_tablet&quot;:{&quot;unit&quot;:&quot;px&quot;,&quot;size&quot;:&quot;&quot;,&quot;sizes&quot;:[]},&quot;_transform_translateX_effect_mobile_extra&quot;:{&quot;unit&quot;:&quot;px&quot;,&quot;size&quot;:&quot;&quot;,&quot;sizes&quot;:[]},&quot;_transform_translateX_effect_mobile&quot;:{&quot;unit&quot;:&quot;px&quot;,&quot;size&quot;:&quot;&quot;,&quot;sizes&quot;:[]},&quot;_transform_translateY_effect&quot;:{&quot;unit&quot;:&quot;px&quot;,&quot;size&quot;:&quot;&quot;,&quot;sizes&quot;:[]},&quot;_transform_translateY_effect_laptop&quot;:{&quot;unit&quot;:&quot;px&quot;,&quot;size&quot;:&quot;&quot;,&quot;sizes&quot;:[]},&quot;_transform_translateY_effect_tablet_extra&quot;:{&quot;unit&quot;:&quot;px&quot;,&quot;size&quot;:&quot;&quot;,&quot;sizes&quot;:[]},&quot;_transform_translateY_effect_tablet&quot;:{&quot;unit&quot;:&quot;px&quot;,&quot;size&quot;:&quot;&quot;,&quot;sizes&quot;:[]},&quot;_transform_translateY_effect_mobile_extra&quot;:{&quot;unit&quot;:&quot;px&quot;,&quot;size&quot;:&quot;&quot;,&quot;sizes&quot;:[]},&quot;_transform_translateY_effect_mobile&quot;:{&quot;unit&quot;:&quot;px&quot;,&quot;size&quot;:&quot;&quot;,&quot;sizes&quot;:[]}}\" data-widget_type=\"html.default\">\n\t\t\t\t<div class=\"elementor-widget-container\">\n\t\t\t\t\t<!-- Formulaire PayPal en anglais -->\r\n<div class=\"paypal-lang-switch\" data-lang=\"en\" style=\"display:none;\">\r\n  <form action=\"https:\/\/www.paypal.com\/donate?lc=en_US\" method=\"post\" target=\"_top\">\r\n    <input type=\"hidden\" name=\"hosted_button_id\" value=\"WNK6E86PAHUJG\" \/>\r\n    <button type=\"submit\" style=\"background-color: #0070ba; color: white; border: none; padding: 15px 30px; font-size: 18px; border-radius: 8px; cursor: pointer; transition: background-color 0.3s;\">\r\n      Donate with PayPal\r\n    <\/button>\r\n  <\/form>\r\n<\/div>\r\n\r\n<!-- Formulaire PayPal en fran\u00e7ais -->\r\n<div class=\"paypal-lang-switch\" data-lang=\"fr\" style=\"display:none;\">\r\n  <form action=\"https:\/\/www.paypal.com\/donate?lc=fr_CA\" method=\"post\" target=\"_top\">\r\n    <input type=\"hidden\" name=\"hosted_button_id\" value=\"JGADBG9SF2MW6\" \/>\r\n    <button type=\"submit\" style=\"background-color: #0070ba; color: white; border: none; padding: 15px 30px; font-size: 18px; border-radius: 8px; cursor: pointer; transition: background-color 0.3s;\">\r\n      Faire un don avec PayPal\r\n    <\/button>\r\n  <\/form>\r\n<\/div>\r\n\r\n<!-- Script pour afficher le bon formulaire selon la langue -->\r\n<script>\r\n  document.addEventListener(\"DOMContentLoaded\", function () {\r\n    var lang = document.documentElement.lang || navigator.language || \"en\";\r\n    document.querySelectorAll(\".paypal-lang-switch\").forEach(function (el) {\r\n      if (el.getAttribute(\"data-lang\") === lang.substring(0, 2)) {\r\n        el.style.display = \"block\";\r\n      }\r\n    });\r\n  });\r\n<\/script>\r\n\t\t\t\t<\/div>\n\t\t\t\t<\/div>\n\t\t            <\/div>\r\n        <\/div>\r\n        \t\t\t<\/div>\n\t\t<\/section>\n\t\t\t\t<\/div>","protected":false},"excerpt":{"rendered":"<p>Make a Donation Your generosity helps us provide essential resources, training, and mentorship opportunities for women starting fresh. Every contribution, big or small, creates a lasting impact \u00a0 \u00a0 Important:\u00a0Please note that as we are not a registered charity, we are unable to issue tax receipts for donations. We appreciate your understanding and continued support. [&hellip;]<\/p>","protected":false},"author":1,"featured_media":0,"parent":0,"menu_order":0,"comment_status":"closed","ping_status":"closed","template":"","meta":{"footnotes":""},"class_list":["post-4838","page","type-page","status-publish","hentry"],"yoast_head":"<!-- This site is optimized with the Yoast SEO plugin v26.1.1 - https:\/\/yoast.com\/wordpress\/plugins\/seo\/ -->\n<title>Donate - Divel Connexion<\/title>\n<meta name=\"robots\" content=\"index, follow, max-snippet:-1, max-image-preview:large, max-video-preview:-1\" \/>\n<link rel=\"canonical\" href=\"https:\/\/divelconnexion.org\/fr\/make-a-donation\/\" \/>\n<meta property=\"og:locale\" content=\"fr_CA\" \/>\n<meta property=\"og:type\" content=\"article\" \/>\n<meta property=\"og:title\" content=\"Donate - Divel Connexion\" \/>\n<meta property=\"og:description\" content=\"Make a Donation Your generosity helps us provide essential resources, training, and mentorship opportunities for women starting fresh. Every contribution, big or small, creates a lasting impact \u00a0 \u00a0 Important:\u00a0Please note that as we are not a registered charity, we are unable to issue tax receipts for donations. We appreciate your understanding and continued support. [&hellip;]\" \/>\n<meta property=\"og:url\" content=\"https:\/\/divelconnexion.org\/fr\/make-a-donation\/\" \/>\n<meta property=\"og:site_name\" content=\"Divel Connexion\" \/>\n<meta property=\"article:modified_time\" content=\"2025-04-29T17:30:49+00:00\" \/>\n<meta property=\"og:image\" content=\"https:\/\/divelconnexion.org\/wp-content\/uploads\/2025\/03\/AdobeStock_74657678-scaled.jpeg\" \/>\n\t<meta property=\"og:image:width\" content=\"2560\" \/>\n\t<meta property=\"og:image:height\" content=\"1857\" \/>\n\t<meta property=\"og:image:type\" content=\"image\/jpeg\" \/>\n<meta name=\"twitter:card\" content=\"summary_large_image\" \/>\n<meta name=\"twitter:label1\" content=\"Estimation du temps de lecture\" \/>\n\t<meta name=\"twitter:data1\" content=\"1 minute\" \/>\n<script type=\"application\/ld+json\" class=\"yoast-schema-graph\">{\"@context\":\"https:\/\/schema.org\",\"@graph\":[{\"@type\":\"WebPage\",\"@id\":\"https:\/\/divelconnexion.org\/make-a-donation\/\",\"url\":\"https:\/\/divelconnexion.org\/make-a-donation\/\",\"name\":\"Donate - Divel Connexion\",\"isPartOf\":{\"@id\":\"https:\/\/divelconnexion.org\/#website\"},\"primaryImageOfPage\":{\"@id\":\"https:\/\/divelconnexion.org\/make-a-donation\/#primaryimage\"},\"image\":{\"@id\":\"https:\/\/divelconnexion.org\/make-a-donation\/#primaryimage\"},\"thumbnailUrl\":\"https:\/\/divelconnexion.org\/wp-content\/uploads\/2025\/03\/AdobeStock_74657678-1024x743.jpeg\",\"datePublished\":\"2025-03-06T01:48:53+00:00\",\"dateModified\":\"2025-04-29T17:30:49+00:00\",\"breadcrumb\":{\"@id\":\"https:\/\/divelconnexion.org\/make-a-donation\/#breadcrumb\"},\"inLanguage\":\"fr-CA\",\"potentialAction\":[{\"@type\":\"ReadAction\",\"target\":[\"https:\/\/divelconnexion.org\/make-a-donation\/\"]}]},{\"@type\":\"ImageObject\",\"inLanguage\":\"fr-CA\",\"@id\":\"https:\/\/divelconnexion.org\/make-a-donation\/#primaryimage\",\"url\":\"https:\/\/divelconnexion.org\/wp-content\/uploads\/2025\/03\/AdobeStock_74657678-1024x743.jpeg\",\"contentUrl\":\"https:\/\/divelconnexion.org\/wp-content\/uploads\/2025\/03\/AdobeStock_74657678-1024x743.jpeg\"},{\"@type\":\"BreadcrumbList\",\"@id\":\"https:\/\/divelconnexion.org\/make-a-donation\/#breadcrumb\",\"itemListElement\":[{\"@type\":\"ListItem\",\"position\":1,\"name\":\"Accueil\",\"item\":\"https:\/\/divelconnexion.org\/\"},{\"@type\":\"ListItem\",\"position\":2,\"name\":\"Donate\"}]},{\"@type\":\"WebSite\",\"@id\":\"https:\/\/divelconnexion.org\/#website\",\"url\":\"https:\/\/divelconnexion.org\/\",\"name\":\"Divel Connexion\",\"description\":\"\",\"potentialAction\":[{\"@type\":\"SearchAction\",\"target\":{\"@type\":\"EntryPoint\",\"urlTemplate\":\"https:\/\/divelconnexion.org\/?s={search_term_string}\"},\"query-input\":{\"@type\":\"PropertyValueSpecification\",\"valueRequired\":true,\"valueName\":\"search_term_string\"}}],\"inLanguage\":\"fr-CA\"}]}<\/script>\n<!-- \/ Yoast SEO plugin. -->","yoast_head_json":{"title":"Donate - Divel Connexion","robots":{"index":"index","follow":"follow","max-snippet":"max-snippet:-1","max-image-preview":"max-image-preview:large","max-video-preview":"max-video-preview:-1"},"canonical":"https:\/\/divelconnexion.org\/fr\/make-a-donation\/","og_locale":"fr_CA","og_type":"article","og_title":"Donate - Divel Connexion","og_description":"Make a Donation Your generosity helps us provide essential resources, training, and mentorship opportunities for women starting fresh. Every contribution, big or small, creates a lasting impact \u00a0 \u00a0 Important:\u00a0Please note that as we are not a registered charity, we are unable to issue tax receipts for donations. We appreciate your understanding and continued support. [&hellip;]","og_url":"https:\/\/divelconnexion.org\/fr\/make-a-donation\/","og_site_name":"Divel Connexion","article_modified_time":"2025-04-29T17:30:49+00:00","og_image":[{"width":2560,"height":1857,"url":"https:\/\/divelconnexion.org\/wp-content\/uploads\/2025\/03\/AdobeStock_74657678-scaled.jpeg","type":"image\/jpeg"}],"twitter_card":"summary_large_image","twitter_misc":{"Estimation du temps de lecture":"1 minute"},"schema":{"@context":"https:\/\/schema.org","@graph":[{"@type":"WebPage","@id":"https:\/\/divelconnexion.org\/make-a-donation\/","url":"https:\/\/divelconnexion.org\/make-a-donation\/","name":"Donate - Divel Connexion","isPartOf":{"@id":"https:\/\/divelconnexion.org\/#website"},"primaryImageOfPage":{"@id":"https:\/\/divelconnexion.org\/make-a-donation\/#primaryimage"},"image":{"@id":"https:\/\/divelconnexion.org\/make-a-donation\/#primaryimage"},"thumbnailUrl":"https:\/\/divelconnexion.org\/wp-content\/uploads\/2025\/03\/AdobeStock_74657678-1024x743.jpeg","datePublished":"2025-03-06T01:48:53+00:00","dateModified":"2025-04-29T17:30:49+00:00","breadcrumb":{"@id":"https:\/\/divelconnexion.org\/make-a-donation\/#breadcrumb"},"inLanguage":"fr-CA","potentialAction":[{"@type":"ReadAction","target":["https:\/\/divelconnexion.org\/make-a-donation\/"]}]},{"@type":"ImageObject","inLanguage":"fr-CA","@id":"https:\/\/divelconnexion.org\/make-a-donation\/#primaryimage","url":"https:\/\/divelconnexion.org\/wp-content\/uploads\/2025\/03\/AdobeStock_74657678-1024x743.jpeg","contentUrl":"https:\/\/divelconnexion.org\/wp-content\/uploads\/2025\/03\/AdobeStock_74657678-1024x743.jpeg"},{"@type":"BreadcrumbList","@id":"https:\/\/divelconnexion.org\/make-a-donation\/#breadcrumb","itemListElement":[{"@type":"ListItem","position":1,"name":"Accueil","item":"https:\/\/divelconnexion.org\/"},{"@type":"ListItem","position":2,"name":"Donate"}]},{"@type":"WebSite","@id":"https:\/\/divelconnexion.org\/#website","url":"https:\/\/divelconnexion.org\/","name":"Divel Connexion","description":"","potentialAction":[{"@type":"SearchAction","target":{"@type":"EntryPoint","urlTemplate":"https:\/\/divelconnexion.org\/?s={search_term_string}"},"query-input":{"@type":"PropertyValueSpecification","valueRequired":true,"valueName":"search_term_string"}}],"inLanguage":"fr-CA"}]}},"_links":{"self":[{"href":"https:\/\/divelconnexion.org\/fr\/wp-json\/wp\/v2\/pages\/4838","targetHints":{"allow":["GET"]}}],"collection":[{"href":"https:\/\/divelconnexion.org\/fr\/wp-json\/wp\/v2\/pages"}],"about":[{"href":"https:\/\/divelconnexion.org\/fr\/wp-json\/wp\/v2\/types\/page"}],"author":[{"embeddable":true,"href":"https:\/\/divelconnexion.org\/fr\/wp-json\/wp\/v2\/users\/1"}],"replies":[{"embeddable":true,"href":"https:\/\/divelconnexion.org\/fr\/wp-json\/wp\/v2\/comments?post=4838"}],"version-history":[{"count":48,"href":"https:\/\/divelconnexion.org\/fr\/wp-json\/wp\/v2\/pages\/4838\/revisions"}],"predecessor-version":[{"id":5513,"href":"https:\/\/divelconnexion.org\/fr\/wp-json\/wp\/v2\/pages\/4838\/revisions\/5513"}],"wp:attachment":[{"href":"https:\/\/divelconnexion.org\/fr\/wp-json\/wp\/v2\/media?parent=4838"}],"curies":[{"name":"wp","href":"https:\/\/api.w.org\/{rel}","templated":true}]}}